{"id":2,"date":"2025-12-17T20:31:39","date_gmt":"2025-12-17T20:31:39","guid":{"rendered":"https:\/\/dvsul.com.br\/?page_id=2"},"modified":"2026-01-14T18:19:35","modified_gmt":"2026-01-14T18:19:35","slug":"sample-page","status":"publish","type":"page","link":"https:\/\/dvsul.com.br\/","title":{"rendered":"Manuten\u00e7\u00e3o"},"content":{"rendered":"<section class=\"l-section wpb_row height_medium full_height valign_top\"><div class=\"l-section-h i-cf\"><div class=\"g-cols vc_row via_flex valign_top type_default stacking_default\"><div class=\"vc_col-sm-12 wpb_column vc_column_container\"><div class=\"vc_column-inner\"><div class=\"wpb_wrapper\"><div class=\"g-cols wpb_row via_flex valign_top type_default stacking_default\"><div class=\"vc_col-sm-2 wpb_column vc_column_container\"><div class=\"vc_column-inner\"><div class=\"wpb_wrapper\"><\/div><\/div><\/div><div class=\"vc_col-sm-8 wpb_column vc_column_container\"><div class=\"vc_column-inner\"><div class=\"wpb_wrapper\"><div class=\"wpb_text_column\"><div class=\"wpb_wrapper\"><h3 style=\"text-align: center;\"><strong>Aguardem as novidades para 2026<\/strong><\/h3>\n<p style=\"text-align: center;\">Com inicio das atividades 2009, adquirimos ao longo dos anos o conhecimento tecnol\u00f3gico que formou a nossa base de conhecimento e confiabilidade.<\/p>\n<p style=\"text-align: center;\">Agora estamos prontos para iniciar uma nova etapa de crescimento s\u00f3lido e assim fornecer as solu\u00e7\u00f5es tecnol\u00f3gicas que o mercado tanto busca.<\/p>\n<p style=\"text-align: center;\"><em><strong>Novo site, novos produtos, novo e-comerce e\u00a0muito mais&#8230;<\/strong><\/em><\/p>\n<\/div><\/div><div class=\"w-separator size_small\"><\/div><div class=\"w-hwrapper valign_middle align_center\"><div class=\"w-btn-wrapper align_center\"><a class=\"w-btn us-btn-style_1 icon_atleft\" target=\"_blank\" href=\"https:\/\/api.whatsapp.com\/send?phone=5551998405432&amp;text=Ol\u00e1! Eu vim pelo site e gostaria de atendimento\"><i class=\"fab fa-whatsapp\"><\/i><span class=\"w-btn-label\">(51) 9 9840-5432<\/span><\/a><\/div><div class=\"w-btn-wrapper align_center\"><a class=\"w-btn us-btn-style_2 icon_atleft\" target=\"_blank\" href=\"mailto:vendas@dvsul.com.br\"><i class=\"far fa-envelope-open\"><\/i><span class=\"w-btn-label\">vendas@dvsul.com.br<\/span><\/a><\/div><\/div><div class=\"w-image align_center\"><div class=\"w-image-h\"><img decoding=\"async\" width=\"1024\" height=\"576\" src=\"https:\/\/dvsul.com.br\/wp-content\/uploads\/2025\/12\/logo.jpeg\" class=\"attachment-large size-large\" alt=\"\" loading=\"lazy\" \/><\/div><\/div><\/div><\/div><\/div><div class=\"vc_col-sm-2 wpb_column vc_column_container\"><div class=\"vc_column-inner\"><div class=\"wpb_wrapper\"><\/div><\/div><\/div><\/div><\/div><\/div><\/div><\/div><\/div><\/section>\n","protected":false},"excerpt":{"rendered":"Aguardem as novidades para 2026 Com inicio das atividades 2009, adquirimos ao longo dos anos o conhecimento tecnol\u00f3gico que formou a nossa base de conhecimento e confiabilidade. Agora estamos prontos para iniciar uma nova etapa de crescimento s\u00f3lido e assim fornecer as solu\u00e7\u00f5es tecnol\u00f3gicas que o mercado tanto busca. Novo site, novos produtos, novo e-comerce...","protected":false},"author":1,"featured_media":0,"parent":0,"menu_order":0,"comment_status":"closed","ping_status":"open","template":"","meta":{"footnotes":""},"class_list":["post-2","page","type-page","status-publish","hentry"],"_links":{"self":[{"href":"https:\/\/dvsul.com.br\/index.php\/wp-json\/wp\/v2\/pages\/2","targetHints":{"allow":["GET"]}}],"collection":[{"href":"https:\/\/dvsul.com.br\/index.php\/wp-json\/wp\/v2\/pages"}],"about":[{"href":"https:\/\/dvsul.com.br\/index.php\/wp-json\/wp\/v2\/types\/page"}],"author":[{"embeddable":true,"href":"https:\/\/dvsul.com.br\/index.php\/wp-json\/wp\/v2\/users\/1"}],"replies":[{"embeddable":true,"href":"https:\/\/dvsul.com.br\/index.php\/wp-json\/wp\/v2\/comments?post=2"}],"version-history":[{"count":5,"href":"https:\/\/dvsul.com.br\/index.php\/wp-json\/wp\/v2\/pages\/2\/revisions"}],"predecessor-version":[{"id":15,"href":"https:\/\/dvsul.com.br\/index.php\/wp-json\/wp\/v2\/pages\/2\/revisions\/15"}],"wp:attachment":[{"href":"https:\/\/dvsul.com.br\/index.php\/wp-json\/wp\/v2\/media?parent=2"}],"curies":[{"name":"wp","href":"https:\/\/api.w.org\/{rel}","templated":true}]}}